{"id":124,"date":"2025-10-31T00:02:54","date_gmt":"2025-10-30T21:02:54","guid":{"rendered":"https:\/\/kayserielektronikhastanesi.com.tr\/?page_id=124"},"modified":"2025-11-01T09:26:23","modified_gmt":"2025-11-01T09:26:23","slug":"ariza-kodlari-beyaz-esya","status":"publish","type":"page","link":"https:\/\/kayserielektronikhastanesi.com.tr\/?page_id=124","title":{"rendered":"Cama\u015f\u0131r makinesi Ar\u0131za Kodlar\u0131"},"content":{"rendered":"\n<p><\/p>\n\n\n\n<p><\/p>\n","protected":false},"excerpt":{"rendered":"","protected":false},"author":1,"featured_media":0,"parent":0,"menu_order":0,"comment_status":"closed","ping_status":"closed","template":"","meta":{"footnotes":""},"class_list":["post-124","page","type-page","status-publish","hentry"],"_links":{"self":[{"href":"https:\/\/kayserielektronikhastanesi.com.tr\/index.php?rest_route=\/wp\/v2\/pages\/124","targetHints":{"allow":["GET"]}}],"collection":[{"href":"https:\/\/kayserielektronikhastanesi.com.tr\/index.php?rest_route=\/wp\/v2\/pages"}],"about":[{"href":"https:\/\/kayserielektronikhastanesi.com.tr\/index.php?rest_route=\/wp\/v2\/types\/page"}],"author":[{"embeddable":true,"href":"https:\/\/kayserielektronikhastanesi.com.tr\/index.php?rest_route=\/wp\/v2\/users\/1"}],"replies":[{"embeddable":true,"href":"https:\/\/kayserielektronikhastanesi.com.tr\/index.php?rest_route=%2Fwp%2Fv2%2Fcomments&post=124"}],"version-history":[{"count":3,"href":"https:\/\/kayserielektronikhastanesi.com.tr\/index.php?rest_route=\/wp\/v2\/pages\/124\/revisions"}],"predecessor-version":[{"id":155,"href":"https:\/\/kayserielektronikhastanesi.com.tr\/index.php?rest_route=\/wp\/v2\/pages\/124\/revisions\/155"}],"wp:attachment":[{"href":"https:\/\/kayserielektronikhastanesi.com.tr\/index.php?rest_route=%2Fwp%2Fv2%2Fmedia&parent=124"}],"curies":[{"name":"wp","href":"https:\/\/api.w.org\/{rel}","templated":true}]}}