{"id":152,"date":"2025-10-31T14:31:15","date_gmt":"2025-10-31T11:31:15","guid":{"rendered":"https:\/\/kayserielektronikhastanesi.com.tr\/?page_id=152"},"modified":"2025-10-31T14:31:15","modified_gmt":"2025-10-31T11:31:15","slug":"endustryel-cihazlariniz-neden-ariza-yapar","status":"publish","type":"page","link":"https:\/\/kayserielektronikhastanesi.com.tr\/?page_id=152","title":{"rendered":"End\u00fcstryel cihazlar\u0131n\u0131z neden ar\u0131za yapar"},"content":{"rendered":"","protected":false},"excerpt":{"rendered":"","protected":false},"author":1,"featured_media":0,"parent":0,"menu_order":0,"comment_status":"closed","ping_status":"closed","template":"","meta":{"footnotes":""},"class_list":["post-152","page","type-page","status-publish","hentry"],"_links":{"self":[{"href":"https:\/\/kayserielektronikhastanesi.com.tr\/index.php?rest_route=\/wp\/v2\/pages\/152","targetHints":{"allow":["GET"]}}],"collection":[{"href":"https:\/\/kayserielektronikhastanesi.com.tr\/index.php?rest_route=\/wp\/v2\/pages"}],"about":[{"href":"https:\/\/kayserielektronikhastanesi.com.tr\/index.php?rest_route=\/wp\/v2\/types\/page"}],"author":[{"embeddable":true,"href":"https:\/\/kayserielektronikhastanesi.com.tr\/index.php?rest_route=\/wp\/v2\/users\/1"}],"replies":[{"embeddable":true,"href":"https:\/\/kayserielektronikhastanesi.com.tr\/index.php?rest_route=%2Fwp%2Fv2%2Fcomments&post=152"}],"version-history":[{"count":1,"href":"https:\/\/kayserielektronikhastanesi.com.tr\/index.php?rest_route=\/wp\/v2\/pages\/152\/revisions"}],"predecessor-version":[{"id":153,"href":"https:\/\/kayserielektronikhastanesi.com.tr\/index.php?rest_route=\/wp\/v2\/pages\/152\/revisions\/153"}],"wp:attachment":[{"href":"https:\/\/kayserielektronikhastanesi.com.tr\/index.php?rest_route=%2Fwp%2Fv2%2Fmedia&parent=152"}],"curies":[{"name":"wp","href":"https:\/\/api.w.org\/{rel}","templated":true}]}}