{"id":160,"date":"2025-11-01T15:18:59","date_gmt":"2025-11-01T12:18:59","guid":{"rendered":"https:\/\/kayserielektronikhastanesi.com.tr\/?page_id=160"},"modified":"2025-11-01T18:13:46","modified_gmt":"2025-11-01T15:13:46","slug":"yaptigimiz-isler","status":"publish","type":"page","link":"https:\/\/kayserielektronikhastanesi.com.tr\/?page_id=160","title":{"rendered":"Yapt\u0131\u011f\u0131m\u0131z i\u015fler"},"content":{"rendered":"","protected":false},"excerpt":{"rendered":"","protected":false},"author":1,"featured_media":0,"parent":0,"menu_order":0,"comment_status":"closed","ping_status":"closed","template":"","meta":{"footnotes":""},"class_list":["post-160","page","type-page","status-publish","hentry"],"_links":{"self":[{"href":"https:\/\/kayserielektronikhastanesi.com.tr\/index.php?rest_route=\/wp\/v2\/pages\/160","targetHints":{"allow":["GET"]}}],"collection":[{"href":"https:\/\/kayserielektronikhastanesi.com.tr\/index.php?rest_route=\/wp\/v2\/pages"}],"about":[{"href":"https:\/\/kayserielektronikhastanesi.com.tr\/index.php?rest_route=\/wp\/v2\/types\/page"}],"author":[{"embeddable":true,"href":"https:\/\/kayserielektronikhastanesi.com.tr\/index.php?rest_route=\/wp\/v2\/users\/1"}],"replies":[{"embeddable":true,"href":"https:\/\/kayserielektronikhastanesi.com.tr\/index.php?rest_route=%2Fwp%2Fv2%2Fcomments&post=160"}],"version-history":[{"count":1,"href":"https:\/\/kayserielektronikhastanesi.com.tr\/index.php?rest_route=\/wp\/v2\/pages\/160\/revisions"}],"predecessor-version":[{"id":161,"href":"https:\/\/kayserielektronikhastanesi.com.tr\/index.php?rest_route=\/wp\/v2\/pages\/160\/revisions\/161"}],"wp:attachment":[{"href":"https:\/\/kayserielektronikhastanesi.com.tr\/index.php?rest_route=%2Fwp%2Fv2%2Fmedia&parent=160"}],"curies":[{"name":"wp","href":"https:\/\/api.w.org\/{rel}","templated":true}]}}